{"id":79,"date":"2024-05-13T12:23:52","date_gmt":"2024-05-13T12:23:52","guid":{"rendered":"https:\/\/wazadev.pl\/?page_id=79"},"modified":"2024-08-02T09:54:13","modified_gmt":"2024-08-02T09:54:13","slug":"contact","status":"publish","type":"page","link":"https:\/\/wazadev.pl\/en\/contact\/","title":{"rendered":"Contact"},"content":{"rendered":"<div class=\"brz-root__container brz-reset-all brz\">{{ brizy_dc_global_blocks position=&#8217;top&#8217; }}<\/p>\n<section id=\"tlENIfyd8ukB\" class=\"brz-section brz-css-tKa9j\">\n<div class=\"brz-section__content brz-section--boxed brz-css-sCkdl brz-css-vKlZB\" data-brz-custom-id=\"vrFvTPBIsmxJ\">\n<div class=\"brz-bg\">\n<div class=\"brz-bg-image\"><\/div>\n<div class=\"brz-bg-color\"><\/div>\n<\/div>\n<div class=\"brz-container brz-css-keV31\">\n<div id=\"\" class=\"brz-css-q9EJ0 brz-wrapper\">\n<div class=\"brz-rich-text brz-rich-text__custom brz-css-m0te8\" data-brz-custom-id=\"f4fIRKxkPw4H\">\n<div data-brz-translate-text=\"1\">\n<p class=\"brz-text-lg-center brz-tp-lg-heading2 brz-css-xYknb\" data-uniq-id=\"cBA_3\" data-generated-css=\"brz-css-gVoFI\"><span class=\"brz-cp-color8\">Contact<\/span><\/p>\n<\/div>\n<\/div>\n<\/div>\n<\/div>\n<\/div>\n<\/section>\n<section id=\"sppjJ4FlIOqJ\" class=\"brz-section brz-css-tKa9j\">\n<div class=\"brz-section__content brz-section--boxed brz-css-sCkdl brz-css-xkF9l\" data-brz-custom-id=\"hEGpOGCm5IGY\">\n<div class=\"brz-container brz-css-keV31\">\n<div class=\"brz-row__container brz-css-pve8s\" data-brz-custom-id=\"uosIItSuxIn9\">\n<div class=\"brz-bg\"><\/div>\n<div class=\"brz-row brz-css-wZGXd brz-css-hTo_T\">\n<div class=\"brz-columns brz-css-nxwrZ brz-css-xNKrN\" data-brz-custom-id=\"kGE4S_fh0NtE\">\n<div class=\"brz-bg\">\n<div class=\"brz-bg-color\"><\/div>\n<\/div>\n<div class=\"brz-column__items brz-css-c_kGf brz-css-nNn7W\">\n<div id=\"\" class=\"brz-css-q9EJ0 brz-css-dQObk brz-wrapper\">\n<div class=\"brz-rich-text brz-rich-text__custom brz-css-m0te8\" data-brz-custom-id=\"y3SIIkMGjWTB\">\n<div data-brz-translate-text=\"1\">\n<p class=\"brz-fs-xs-30 brz-tp-lg-heading6 brz-css-zqyaH\" data-uniq-id=\"yKFKx\" data-generated-css=\"brz-css-bPfIb\"><span class=\"brz-cp-color1\" style=\"color: rgba(var(--brz-global-color1),1);\">Vin-Kon S.A.<\/span><\/p>\n<\/div>\n<\/div>\n<\/div>\n<div id=\"\" class=\"brz-css-q9EJ0 brz-wrapper\">\n<div class=\"brz-rich-text brz-rich-text__custom brz-css-m0te8\" data-brz-custom-id=\"jMrsOkMww06C\">\n<div data-brz-translate-text=\"1\">\n<p class=\"brz-tp-lg-paragraph brz-css-r2CbU\" data-generated-css=\"brz-css-yJ9p6\" data-uniq-id=\"nGZqy\"><span class=\"brz-cp-color1\" style=\"color: rgba(var(--brz-global-color1),1);\">ul. D\u0105browskiego 35, 62-500 Konin, Poland<\/span><\/p>\n<p class=\"brz-tp-lg-paragraph brz-css-dCbXx\" data-generated-css=\"brz-css-hYMwK\" data-uniq-id=\"evbmz\"><span class=\"brz-cp-color1\" style=\"color: rgba(var(--brz-global-color1),1);\">tel. +48 63 242 93 11<\/span><\/p>\n<p class=\"brz-tp-lg-paragraph brz-css-oMjYm\" data-generated-css=\"brz-css-f3HsJ\" data-uniq-id=\"pPZar\"><span class=\"brz-cp-color1\" style=\"color: rgba(var(--brz-global-color1),1);\">fax +48 63 242 93 76 <\/span><\/p>\n<p class=\"brz-tp-lg-paragraph brz-css-mwefB\" data-generated-css=\"brz-css-cy7Si\" data-uniq-id=\"cdqlE\"><span class=\"brz-cp-color1\" style=\"color: rgba(var(--brz-global-color1),1);\">email: vinkon<\/span><span class=\"brz-pre-population-visible brz-cp-color1\" style=\"color: rgba(var(--brz-global-color1),1);\">@vinkon.com.pl<\/span><\/p>\n<\/div>\n<\/div>\n<\/div>\n<\/div>\n<\/div>\n<div class=\"brz-columns brz-css-nxwrZ brz-css-u_wqt\" data-brz-custom-id=\"nq1bgdqZOLSy\">\n<div class=\"brz-bg\">\n<div class=\"brz-bg-color\"><\/div>\n<\/div>\n<div class=\"brz-column__items brz-css-c_kGf brz-css-wrjv1\">\n<div id=\"\" class=\"brz-css-q9EJ0 brz-css-opwj6 brz-wrapper\">\n<div class=\"brz-rich-text brz-rich-text__custom brz-css-m0te8\" data-brz-custom-id=\"oUBT2zOhXi5U\">\n<div data-brz-translate-text=\"1\">\n<p class=\"brz-fs-xs-30 brz-tp-lg-heading6 brz-css-fyzgb\" data-uniq-id=\"tmkfC\" data-generated-css=\"brz-css-vheDQ\"><span class=\"brz-cp-color1\" style=\"color: rgba(var(--brz-global-color1),1);\">Sekretariat<\/span><\/p>\n<\/div>\n<\/div>\n<\/div>\n<div id=\"\" class=\"brz-css-q9EJ0 brz-wrapper\">\n<div class=\"brz-rich-text brz-rich-text__custom brz-css-m0te8\" data-brz-custom-id=\"hglGax5HEToD\">\n<div data-brz-translate-text=\"1\">\n<p class=\"brz-tp-lg-paragraph brz-css-d8oED\" data-uniq-id=\"e9yC2\" data-generated-css=\"brz-css-r5TiF\"><span class=\"brz-cp-color1\" style=\"color: rgba(var(--brz-global-color1),1);\">+48 63 242 93 11 wew. 100<\/span><\/p>\n<\/div>\n<\/div>\n<\/div>\n<\/div>\n<\/div>\n<div class=\"brz-columns brz-css-nxwrZ brz-css-hRnNL\" data-brz-custom-id=\"iITBoAEdbP5K\">\n<div class=\"brz-bg\">\n<div class=\"brz-bg-color\"><\/div>\n<\/div>\n<div class=\"brz-column__items brz-css-c_kGf brz-css-hyj0y\">\n<div id=\"\" class=\"brz-css-q9EJ0 brz-css-cZK8L brz-wrapper\">\n<div class=\"brz-rich-text brz-rich-text__custom brz-css-m0te8\" data-brz-custom-id=\"s2d1NfVs2xRQ\">\n<div data-brz-translate-text=\"1\">\n<p class=\"brz-fs-xs-30 brz-tp-lg-heading6 brz-css-ev0Hs\" data-uniq-id=\"qT83S\" data-generated-css=\"brz-css-a8yvo\"><span class=\"brz-cp-color1\" style=\"color: rgba(var(--brz-global-color1),1);\">Kontakt z dzia\u0142em handlowym<\/span><\/p>\n<\/div>\n<\/div>\n<\/div>\n<div id=\"\" class=\"brz-css-q9EJ0 brz-wrapper\">\n<div class=\"brz-rich-text brz-rich-text__custom brz-css-m0te8\" data-brz-custom-id=\"ic9nlvZvlIwd\">\n<div data-brz-translate-text=\"1\">\n<p class=\"brz-tp-lg-paragraph brz-css-urHUd\" data-uniq-id=\"dgxSm\" data-generated-css=\"brz-css-f74X_\"><span class=\"brz-cp-color1\" style=\"color: rgba(var(--brz-global-color1),1);\">+48 63 242 93 11 wew. 136<\/span><\/p>\n<\/div>\n<\/div>\n<\/div>\n<\/div>\n<\/div>\n<\/div>\n<\/div>\n<\/div>\n<\/div>\n<\/section>\n<section id=\"neC36Eh0EZGN\" class=\"brz-section brz-css-tKa9j\">\n<div class=\"brz-section__content brz-section--boxed brz-css-sCkdl brz-css-eNuD1\" data-brz-custom-id=\"a5AwvXbTY3kz\">\n<div class=\"brz-container brz-css-keV31\">\n<div class=\"brz-row__container brz-css-pve8s\" data-brz-custom-id=\"kehUECWpnyQi\">\n<div class=\"brz-bg\"><\/div>\n<div class=\"brz-row brz-css-wZGXd brz-css-hTo_T\">\n<div class=\"brz-columns brz-css-nxwrZ brz-css-nRfMj\" data-brz-custom-id=\"nZbOJ7qcWctg\">\n<div class=\"brz-bg\">\n<div class=\"brz-bg-color\"><\/div>\n<\/div>\n<div class=\"brz-column__items brz-css-c_kGf brz-css-zgJ5a\">\n<div id=\"\" class=\"brz-css-q9EJ0 brz-css-p_drZ brz-wrapper\">\n<div class=\"brz-rich-text brz-rich-text__custom brz-css-m0te8\" data-brz-custom-id=\"iBziKZfgrpjK\">\n<div data-brz-translate-text=\"1\">\n<p class=\"brz-text-lg-left brz-tp-lg-abovetitle brz-css-cNJHs\" data-uniq-id=\"xDM8Z\" data-generated-css=\"brz-css-px2pI\"><span class=\"brz-cp-color8\">Masz jakie\u015b pytania?<\/span><\/p>\n<\/div>\n<\/div>\n<\/div>\n<div id=\"\" class=\"brz-css-q9EJ0 brz-css-hTR7Y brz-wrapper\">\n<div class=\"brz-rich-text brz-rich-text__custom brz-css-m0te8\" data-brz-custom-id=\"fIQREHCFxM9e\">\n<div data-brz-translate-text=\"1\">\n<p class=\"brz-tp-lg-heading4 brz-text-lg-left brz-css-qwSQs\" data-uniq-id=\"hHt5Q\" data-generated-css=\"brz-css-aeLvo\"><span class=\"brz-cp-color8\">Napisz do nas<\/span><\/p>\n<\/div>\n<\/div>\n<\/div>\n<div id=\"\" class=\"brz-css-q9EJ0 brz-css-hoe8_ brz-wrapper\">\n<div class=\"brz-image brz-css-t9LfI\" data-brz-custom-id=\"rvexi9Gb8ocP\"><picture class=\"brz-picture brz-d-block brz-p-relative brz-css-cJhnl\"><source srcset=\"https:\/\/wazadev.pl\/?brizy_media=34ac630a2d23706af39828cfaeceb886.png&amp;brizy_crop=iW%3D100%26iH%3D39%26oX%3D0%26oY%3D0%26cW%3D100%26cH%3D39 1x, https:\/\/wazadev.pl\/?brizy_media=34ac630a2d23706af39828cfaeceb886.png&amp;brizy_crop=iW%3D200%26iH%3D78%26oX%3D0%26oY%3D0%26cW%3D200%26cH%3D78 2x\" media=\"(min-width: 992px)\" \/><source srcset=\"https:\/\/wazadev.pl\/?brizy_media=34ac630a2d23706af39828cfaeceb886.png&amp;brizy_crop=iW%3D66%26iH%3D26%26oX%3D0%26oY%3D0%26cW%3D66%26cH%3D26 1x, https:\/\/wazadev.pl\/?brizy_media=34ac630a2d23706af39828cfaeceb886.png&amp;brizy_crop=iW%3D132%26iH%3D52%26oX%3D0%26oY%3D0%26cW%3D132%26cH%3D52 2x\" media=\"(min-width: 768px)\" \/><img decoding=\"async\" class=\"brz-img\" draggable=\"false\" src=\"https:\/\/wazadev.pl\/?brizy_media=34ac630a2d23706af39828cfaeceb886.png&amp;brizy_crop=iW%3D100%26iH%3D39%26oX%3D0%26oY%3D0%26cW%3D100%26cH%3D39\" srcset=\"https:\/\/wazadev.pl\/?brizy_media=34ac630a2d23706af39828cfaeceb886.png&amp;brizy_crop=iW%3D60%26iH%3D23%26oX%3D0%26oY%3D0%26cW%3D60%26cH%3D23 1x, https:\/\/wazadev.pl\/?brizy_media=34ac630a2d23706af39828cfaeceb886.png&amp;brizy_crop=iW%3D120%26iH%3D46%26oX%3D0%26oY%3D0%26cW%3D120%26cH%3D46 2x\" alt=\"{{placeholder content='e3sgYnJpenlfZGNfaW1hZ2VfYWx0IH19' imageSrc='34ac630a2d23706af39828cfaeceb886.png'}}\" \/><\/picture><\/div>\n<\/div>\n<div id=\"\" class=\"brz-css-q9EJ0 brz-wrapper\">\n<div class=\"brz-forms2 brz-css-bszMH brz-css-qirDX\" data-brz-form-version=\"2\" data-brz-custom-id=\"awLKp6WT76Ld\">\n<form class=\"brz-form brz-d-xs-flex brz-flex-xs-wrap\" action=\"\/en\/brizy_dc_ajax_url\/?action=brizy_submit_form\" novalidate=\"\" data-brz-form-id=\"awLKp6WT76Ld\" data-brz-project-id=\"6749484a5b0f6a131dec870db35627c2\" data-brz-success=\"\" data-brz-error=\"\" data-brz-redirect=\"\" data-trp-original-action=\"{{brizy_dc_ajax_url}}?action=brizy_submit_form\">\n<div class=\"brz-forms2__item brz-css-bfG2S brz-css-jpuTZ brz-css-vIjpE brz-css-oxAdQ\" data-brz-translate-text=\"1\"><input id=\"mqfusxnb3VB5\" class=\"brz-input brz-forms2__field brz-forms2__field-text\" name=\"mHaFSlrLhGZe\" required=\"\" type=\"text\" placeholder=\"Imi\u0119 i nazwisko\" data-brz-type=\"Text\" data-brz-label=\"Imi\u0119 i nazwisko\" data-brz-placeholder=\"Imi\u0119 i nazwisko\" data-np-intersection-state=\"observed\" \/><\/div>\n<div class=\"brz-forms2__item brz-css-bfG2S brz-css-jpuTZ brz-css-vIjpE brz-css-sWXA0\" data-brz-translate-text=\"1\"><input id=\"roYkpd46RgkO\" class=\"brz-input brz-forms2__field brz-forms2__field-email\" maxlength=\"255\" name=\"yI_h2svBbfNR\" pattern=\"%5E((%5B%5E%3C%3E%5C(%5C)%5C%5B%5C%5D%5C%5C.,;:%5Cs@%22%5D+(%5C.%5B%5E%3C%3E%5C(%5C)%5C%5B%5C%5D%5C%5C.,;:%5Cs@%22%5D+)*)%7C(%22.+%22))@((%5C%5B%5B0-9%5D%7B1,3%7D%5C.%5B0-9%5D%7B1,3%7D%5C.%5B0-9%5D%7B1,3%7D%5C.%5B0-9%5D%7B1,3%7D%5C%5D)%7C((%5Ba-zA-Z%5C-0-9%5D+%5C.)+%5Ba-zA-Z%5D%7B2,%7D))$\" required=\"\" type=\"email\" placeholder=\"Adres e-mail\" data-brz-type=\"Email\" data-brz-label=\"Adres e-mail\" data-brz-placeholder=\"Adres e-mail\" data-np-intersection-state=\"observed\" \/><\/div>\n<div class=\"brz-forms2__item brz-css-bfG2S brz-css-jpuTZ brz-css-vIjpE brz-css-fgRDO\" data-brz-translate-text=\"1\"><input id=\"mvubeHCqEADF\" class=\"brz-input brz-forms2__field brz-forms2__field-tel\" name=\"hnLIMLUDfiYL\" pattern=\"%5B0-9()#&amp;+*-=.%5D+\" type=\"tel\" placeholder=\"Numer telefonu\" data-brz-type=\"Tel\" data-brz-label=\"Numer telefonu\" data-brz-placeholder=\"Numer telefonu\" data-np-intersection-state=\"observed\" \/><\/div>\n<div class=\"brz-forms2__item brz-css-bfG2S brz-css-jpuTZ brz-css-vIjpE brz-css-hkxR9\" data-brz-translate-text=\"1\"><input id=\"eS5eBlM5iH8e\" class=\"brz-input brz-forms2__field brz-forms2__field-text\" name=\"gBtcBc9rquqR\" required=\"\" type=\"text\" placeholder=\"Temat\" data-brz-type=\"Text\" data-brz-label=\"Temat\" data-brz-placeholder=\"Temat\" data-np-intersection-state=\"observed\" \/><\/div>\n<div class=\"brz-forms2__item brz-css-bfG2S brz-css-jpuTZ brz-css-vIjpE brz-css-roNCn\" data-brz-translate-text=\"1\"><textarea id=\"lqjffkyarLsq\" class=\"brz-textarea brz-forms2__field brz-forms2__field-paragraph\" name=\"psgVXrNQVcrA\" required=\"\" placeholder=\"Wiadomo\u015b\u0107\" data-brz-type=\"Paragraph\" data-brz-label=\"Wiadomo\u015b\u0107\" data-brz-placeholder=\"Wiadomo\u015b\u0107\" data-np-intersection-state=\"observed\"><\/textarea><\/div>\n<div class=\"brz-forms2 brz-forms2__item brz-forms2__item-button\" data-brz-custom-id=\"awLKp6WT76Ld\"><button class=\"brz-btn brz-btn-submit brz-css-zDf0y brz-css-kmJmy\" data-brz-custom-id=\"x0WyfsiVuDWI\"><span class=\"brz-span brz-text__editor\" contenteditable=\"false\" data-brz-translate-text=\"1\">Wy\u015blij wiadomo\u015b\u0107<\/span><\/button><\/div>\n<input type=\"hidden\" name=\"trp-form-language\" value=\"en\"\/><\/form>\n<\/div>\n<\/div>\n<\/div>\n<\/div>\n<\/div>\n<\/div>\n<\/div>\n<\/div>\n<\/section>\n<section id=\"qlSqCtzKB455\" class=\"brz-section brz-css-tKa9j\">\n<div class=\"brz-section__content brz-section--fullWidth brz-css-sCkdl brz-css-ivh2m\" data-brz-custom-id=\"yvXnrBJmqXmw\">\n<div class=\"brz-container brz-css-keV31 brz-css-taqTx\">\n<div id=\"\" class=\"brz-css-q9EJ0 brz-css-y_oGg brz-wrapper\">\n<div class=\"brz-map brz-map_styles brz-css-xkWkj brz-css-qKIPy\" data-brz-custom-id=\"fAAtgcHRSOsK\">\n<div class=\"brz-ui-ed-map-content\"><iframe class=\"intrinsic-ignore brz-ui-ed-iframe\" title=\"map\" src=\"https:\/\/www.google.com\/maps\/embed\/v1\/place?key=AIzaSyCcywKcxXeMZiMwLDcLgyEnNglcLOyB_qw&amp;q=D\u0105browskiego 35, Konin&amp;zoom=17\"><\/iframe><\/div>\n<\/div>\n<\/div>\n<\/div>\n<\/div>\n<\/section>\n<p>{{ brizy_dc_global_blocks position=&#8217;bottom&#8217; }}<\/p>\n<\/div>\n<p><!-- version:1722592435 --><\/p>","protected":false},"excerpt":{"rendered":"<p>{{ brizy_dc_global_blocks position=&#8217;top&#8217; }} Kontakt Vin-Kon S.A. ul. D\u0105browskiego 35, 62-500 Konin, Poland tel. +48 63 242 93 11 fax [&hellip;]<\/p>","protected":false},"author":1,"featured_media":0,"parent":0,"menu_order":0,"comment_status":"closed","ping_status":"closed","template":"brizy-blank-template.php","meta":{"site-sidebar-layout":"default","site-content-layout":"","ast-site-content-layout":"","site-content-style":"default","site-sidebar-style":"default","ast-global-header-display":"","ast-banner-title-visibility":"","ast-main-header-display":"","ast-hfb-above-header-display":"","ast-hfb-below-header-display":"","ast-hfb-mobile-header-display":"","site-post-title":"","ast-breadcrumbs-content":"","ast-featured-img":"","footer-sml-layout":"","theme-transparent-header-meta":"","adv-header-id-meta":"","stick-header-meta":"","header-above-stick-meta":"","header-main-stick-meta":"","header-below-stick-meta":"","astra-migrate-meta-layouts":"default","ast-page-background-enabled":"default","ast-page-background-meta":{"desktop":{"background-color":"var(--ast-global-color-4)","background-image":"","background-repeat":"repeat","background-position":"center center","background-size":"auto","background-attachment":"scroll","background-type":"","background-media":"","overlay-type":"","overlay-color":"","overlay-opacity":"","overlay-gradient":""},"tablet":{"background-color":"","background-image":"","background-repeat":"repeat","background-position":"center center","background-size":"auto","background-attachment":"scroll","background-type":"","background-media":"","overlay-type":"","overlay-color":"","overlay-opacity":"","overlay-gradient":""},"mobile":{"background-color":"","background-image":"","background-repeat":"repeat","background-position":"center center","background-size":"auto","background-attachment":"scroll","background-type":"","background-media":"","overlay-type":"","overlay-color":"","overlay-opacity":"","overlay-gradient":""}},"ast-content-background-meta":{"desktop":{"background-color":"var(--ast-global-color-5)","background-image":"","background-repeat":"repeat","background-position":"center center","background-size":"auto","background-attachment":"scroll","background-type":"","background-media":"","overlay-type":"","overlay-color":"","overlay-opacity":"","overlay-gradient":""},"tablet":{"background-color":"var(--ast-global-color-5)","background-image":"","background-repeat":"repeat","background-position":"center center","background-size":"auto","background-attachment":"scroll","background-type":"","background-media":"","overlay-type":"","overlay-color":"","overlay-opacity":"","overlay-gradient":""},"mobile":{"background-color":"var(--ast-global-color-5)","background-image":"","background-repeat":"repeat","background-position":"center center","background-size":"auto","background-attachment":"scroll","background-type":"","background-media":"","overlay-type":"","overlay-color":"","overlay-opacity":"","overlay-gradient":""}},"footnotes":""},"class_list":["post-79","page","type-page","status-publish","hentry"],"_links":{"self":[{"href":"https:\/\/wazadev.pl\/en\/wp-json\/wp\/v2\/pages\/79"}],"collection":[{"href":"https:\/\/wazadev.pl\/en\/wp-json\/wp\/v2\/pages"}],"about":[{"href":"https:\/\/wazadev.pl\/en\/wp-json\/wp\/v2\/types\/page"}],"author":[{"embeddable":true,"href":"https:\/\/wazadev.pl\/en\/wp-json\/wp\/v2\/users\/1"}],"replies":[{"embeddable":true,"href":"https:\/\/wazadev.pl\/en\/wp-json\/wp\/v2\/comments?post=79"}],"version-history":[{"count":8,"href":"https:\/\/wazadev.pl\/en\/wp-json\/wp\/v2\/pages\/79\/revisions"}],"predecessor-version":[{"id":433,"href":"https:\/\/wazadev.pl\/en\/wp-json\/wp\/v2\/pages\/79\/revisions\/433"}],"wp:attachment":[{"href":"https:\/\/wazadev.pl\/en\/wp-json\/wp\/v2\/media?parent=79"}],"curies":[{"name":"wp","href":"https:\/\/api.w.org\/{rel}","templated":true}]}}