{"id":75,"date":"2024-05-13T12:23:31","date_gmt":"2024-05-13T12:23:31","guid":{"rendered":"https:\/\/wazadev.pl\/?page_id=75"},"modified":"2024-08-01T20:02:52","modified_gmt":"2024-08-01T20:02:52","slug":"quality","status":"publish","type":"page","link":"https:\/\/wazadev.pl\/en\/quality\/","title":{"rendered":"Quality"},"content":{"rendered":"<div class=\"brz-root__container brz-reset-all brz\">{{ brizy_dc_global_blocks position=&#8217;top&#8217; }}<\/p>\n<section id=\"q7RIOXNBNRm4\" class=\"brz-section brz-css-bX8h6\">\n<div class=\"brz-section__content brz-section--boxed brz-css-ng4Xv brz-css-g88vv\" data-brz-custom-id=\"b_tjkOvlC7pB\">\n<div class=\"brz-bg\">\n<div class=\"brz-bg-image\"><\/div>\n<div class=\"brz-bg-color\"><\/div>\n<\/div>\n<div class=\"brz-container brz-css-oMYUh\">\n<div id=\"\" class=\"brz-css-dHCm1 brz-wrapper\">\n<div class=\"brz-rich-text brz-rich-text__custom brz-css-d9eaz\" data-brz-custom-id=\"bwGnweBKw9HS\">\n<div data-brz-translate-text=\"1\">\n<p class=\"brz-text-lg-center brz-tp-lg-heading2 brz-css-cDFTd\" data-uniq-id=\"iroZN\" data-generated-css=\"brz-css-eAh2L\"><em class=\"brz-cp-color8\">Quality<\/em><\/p>\n<\/div>\n<\/div>\n<\/div>\n<\/div>\n<\/div>\n<\/section>\n<section id=\"nKB_KfrNfhBp\" class=\"brz-section brz-css-bX8h6\">\n<div class=\"brz-section__content brz-section--boxed brz-css-ng4Xv brz-css-n2ouJ\" data-brz-custom-id=\"g_YKnAVNJhgs\">\n<div class=\"brz-container brz-css-oMYUh\">\n<div id=\"\" class=\"brz-css-dHCm1 brz-wrapper\">\n<div class=\"brz-rich-text brz-rich-text__custom brz-css-d9eaz\" data-brz-custom-id=\"mqKMw4Qi10nQ\">\n<div data-brz-translate-text=\"1\">\n<h6 data-uniq-id=\"qdboS\" data-generated-css=\"brz-css-oL62P\" class=\"brz-tp-lg-heading6 brz-text-lg-center brz-css-tZMYv\"><span style=\"color: rgba(var(--brz-global-color1),1);\" class=\"brz-cp-color1\">Cele i strategi\u0105 Firmy Vin-Kon S.A.<\/span><\/h6>\n<\/div>\n<\/div>\n<\/div>\n<div class=\"brz-row__container brz-css-s2U0m\" data-brz-custom-id=\"r7L82yKf5bLl\">\n<div class=\"brz-bg\"><\/div>\n<div class=\"brz-row brz-css-iqsIv brz-css-k4_Xo\">\n<div class=\"brz-columns brz-css-zCbB4 brz-css-a2mZj\" data-brz-custom-id=\"fDitChELOaiX\">\n<div class=\"brz-bg\">\n<div class=\"brz-bg-color\"><\/div>\n<\/div>\n<div class=\"brz-column__items brz-css-j4j0_ brz-css-xnmnO\">\n<div class=\"brz-wrapper-clone brz-css-t4_Z4\">\n<div class=\"brz-d-xs-flex brz-flex-xs-wrap brz-css-gz0e8\" data-brz-custom-id=\"\">\n<div class=\"brz-wrapper-clone__item\" id=\"cBGBWrBHTCMN\">\n<div class=\"brz-icon__container\" data-brz-custom-id=\"cBGBWrBHTCMN\"><span class=\"brz-icon brz-span brz-css-i_GaK brz-css-kxvzI\"><svg class=\"brz-icon-svg align-[initial]\"><use href=\"\/wp-content\/plugins\/brizy\/public\/editor-build\/prod\/editor\/icons\/outline\/podium-trophy.svg#nc_icon\"><\/use><\/svg><\/span><\/div>\n<\/div>\n<\/div>\n<\/div>\n<div id=\"\" class=\"brz-css-dHCm1 brz-css-lILqV brz-wrapper\">\n<div class=\"brz-rich-text brz-rich-text__custom brz-css-d9eaz\" data-brz-custom-id=\"hYntqXD4kBjD\">\n<div data-brz-translate-text=\"1\">\n<p class=\"brz-tp-lg-heading6 brz-text-lg-center brz-css-cKjRE\" data-uniq-id=\"o0vS2\" data-generated-css=\"brz-css-diIop\"><span style=\"color: rgba(var(--brz-global-color1),1);\" class=\"brz-cp-color1\">Quality<\/span><\/p>\n<\/div>\n<\/div>\n<\/div>\n<\/div>\n<\/div>\n<div class=\"brz-columns brz-css-zCbB4 brz-css-xbg1v\" data-brz-custom-id=\"nrqcp9qHyhAC\">\n<div class=\"brz-bg\">\n<div class=\"brz-bg-color\"><\/div>\n<\/div>\n<div class=\"brz-column__items brz-css-j4j0_ brz-css-d9p5M\">\n<div class=\"brz-wrapper-clone brz-css-t4_Z4\">\n<div class=\"brz-d-xs-flex brz-flex-xs-wrap brz-css-gz0e8\" data-brz-custom-id=\"\">\n<div class=\"brz-wrapper-clone__item\" id=\"bygOqgn3f8bP\">\n<div class=\"brz-icon__container\" data-brz-custom-id=\"bygOqgn3f8bP\"><span class=\"brz-icon brz-span brz-css-i_GaK brz-css-ynFtk\"><svg class=\"brz-icon-svg align-[initial]\"><use href=\"\/wp-content\/plugins\/brizy\/public\/editor-build\/prod\/editor\/icons\/outline\/diet.svg#nc_icon\"><\/use><\/svg><\/span><\/div>\n<\/div>\n<\/div>\n<\/div>\n<div id=\"\" class=\"brz-css-dHCm1 brz-css-nJAXM brz-wrapper\">\n<div class=\"brz-rich-text brz-rich-text__custom brz-css-d9eaz\" data-brz-custom-id=\"kSf_SsXg4LXV\">\n<div data-brz-translate-text=\"1\">\n<p class=\"brz-text-lg-center brz-tp-lg-heading6 brz-css-skKNS\" data-uniq-id=\"k10_9\" data-generated-css=\"brz-css-du718\"><span style=\"color: rgba(var(--brz-global-color1),1);\" class=\"brz-cp-color1\">Bezpiecze\u0144stwo zdrowotne<\/span><\/p>\n<\/div>\n<\/div>\n<\/div>\n<\/div>\n<\/div>\n<div class=\"brz-columns brz-css-zCbB4 brz-css-dacTF\" data-brz-custom-id=\"f_PRUfFXQ4k1\">\n<div class=\"brz-bg\">\n<div class=\"brz-bg-color\"><\/div>\n<\/div>\n<div class=\"brz-column__items brz-css-j4j0_ brz-css-nxjTL\">\n<div class=\"brz-wrapper-clone brz-css-t4_Z4\">\n<div class=\"brz-d-xs-flex brz-flex-xs-wrap brz-css-gz0e8\" data-brz-custom-id=\"\">\n<div class=\"brz-wrapper-clone__item\" id=\"uB1S2bCZkJEg\">\n<div class=\"brz-icon__container\" data-brz-custom-id=\"uB1S2bCZkJEg\"><span class=\"brz-icon brz-span brz-css-i_GaK brz-css-ixROV\"><svg class=\"brz-icon-svg align-[initial]\"><use href=\"\/wp-content\/plugins\/brizy\/public\/editor-build\/prod\/editor\/icons\/outline\/flower-05.svg#nc_icon\"><\/use><\/svg><\/span><\/div>\n<\/div>\n<\/div>\n<\/div>\n<div id=\"\" class=\"brz-css-dHCm1 brz-css-lPveR brz-wrapper\">\n<div class=\"brz-rich-text brz-rich-text__custom brz-css-d9eaz\" data-brz-custom-id=\"ttKaNwFOfRLj\">\n<div data-brz-translate-text=\"1\">\n<p class=\"brz-text-lg-center brz-tp-lg-heading6 brz-css-iWR1V\" data-uniq-id=\"cWjQb\" data-generated-css=\"brz-css-dO50x\"><span style=\"color: rgba(var(--brz-global-color1),1);\" class=\"brz-cp-color1\">Nowoczesno\u015b\u0107<\/span><\/p>\n<\/div>\n<\/div>\n<\/div>\n<\/div>\n<\/div>\n<\/div>\n<\/div>\n<div id=\"\" class=\"brz-css-dHCm1 brz-css-uYzRH brz-wrapper\">\n<div class=\"brz-spacer brz-css-lt0m9 brz-css-oTw5I\"><\/div>\n<\/div>\n<div id=\"\" class=\"brz-css-dHCm1 brz-wrapper\">\n<div class=\"brz-rich-text brz-rich-text__custom brz-css-d9eaz\" data-brz-custom-id=\"lM8jVBtqdGa7\">\n<div data-brz-translate-text=\"1\">\n<p class=\"brz-text-lg-justify brz-tp-lg-paragraph brz-css-rHZY3\" data-generated-css=\"brz-css-inHnB\" data-uniq-id=\"z5SkM\"><span style=\"color: rgb(131, 131, 131);\">Nasz\u0105 misj\u0105 jest umacnianie pozycji wiod\u0105cego producenta w bran\u017cy rolno &#8211; spo\u017cywczej w oparciu o udoskonalanie relacji z naszymi dostawcami, klientami&nbsp;i partnerami w biznesie. Wyznaczone kierunki funkcjonowania realizujemy poprzez dzia\u0142ania zwi\u0105zane z certyfikowanym systemem ISO 22000, GHP, GMP, HACCP.<\/span><\/p>\n<p class=\"brz-tp-lg-paragraph brz-css-lD41u\" data-generated-css=\"brz-css-qgt_N\" data-uniq-id=\"sm8nJ\"><span class=\"brz-cp-color7\"> <\/span><\/p>\n<p class=\"brz-text-lg-justify brz-tp-lg-paragraph brz-css-ikltl\" data-generated-css=\"brz-css-zUdi3\" data-uniq-id=\"jlRV9\"><span style=\"color: rgb(131, 131, 131);\">D\u0105\u017cymy do zaspokajania potrzeb i oczekiwa\u0144 wszystkich Klient\u00f3w dostarczaj\u0105c produkty najwy\u017cszej jako\u015bci, spe\u0142niaj\u0105ce restrykcyjne wymagania Unii Europejskiej a tak\u017ce rynku \u015bwiatowego. Kszta\u0142tujemy \u015bwiadomo\u015b\u0107, szkolimy pracownik\u00f3w w zakresie przestrzegania zasad Dobrej Praktyki Produkcyjnej, Higienicznej oraz BHP i SZ\u015a zwi\u0105zanych ze znaczeniem jako\u015bci ich pracy w aspekcie \u015brodowiska, produktu oraz odpowiedzialno\u015bci za t\u0119 prac\u0119. <\/span><\/p>\n<\/div>\n<\/div>\n<\/div>\n<\/div>\n<\/div>\n<\/section>\n<section id=\"yyIlTotPjJWw\" class=\"brz-section brz-css-bX8h6\">\n<div class=\"brz-section__content brz-section--boxed brz-css-ng4Xv brz-css-j1qpQ\" data-brz-custom-id=\"tO7W6AI8_P6H\">\n<div class=\"brz-bg\">\n<div class=\"brz-bg-color\"><\/div>\n<\/div>\n<div class=\"brz-container brz-css-oMYUh brz-css-h48FK\">\n<div id=\"\" class=\"brz-css-dHCm1 brz-css-dBQGF brz-wrapper\">\n<div class=\"brz-rich-text brz-rich-text__custom brz-css-d9eaz\" data-brz-custom-id=\"hyvhGj1X1Bnj\">\n<div data-brz-translate-text=\"1\">\n<p class=\"brz-tp-lg-abovetitle brz-text-lg-center brz-css-rSLnQ\" data-uniq-id=\"mdo_s\" data-generated-css=\"brz-css-fUhjS\"><span class=\"brz-cp-color4\">JAK TO ROBIMY?<\/span><\/p>\n<\/div>\n<\/div>\n<\/div>\n<div id=\"\" class=\"brz-css-dHCm1 brz-css-ff9oB brz-wrapper\">\n<div class=\"brz-rich-text brz-rich-text__custom brz-css-d9eaz\" data-brz-custom-id=\"eA1RU0djTSdK\">\n<div data-brz-translate-text=\"1\">\n<p class=\"brz-tp-lg-heading3 brz-text-lg-center brz-css-zCWJD\" data-uniq-id=\"jXxou\" data-generated-css=\"brz-css-cHSgw\"><span class=\"brz-cp-color2\">Ci\u0105g\u0142a zmiana na lepsze<\/span><\/p>\n<\/div>\n<\/div>\n<\/div>\n<div id=\"\" class=\"brz-css-dHCm1 brz-wrapper\">\n<div class=\"brz-image brz-css-glBdc\" data-brz-custom-id=\"rFQeAuAbKt2e\"><picture class=\"brz-picture brz-d-block brz-p-relative brz-css-xQyYn\"><source srcset=\"https:\/\/wazadev.pl\/?brizy_media=34ac630a2d23706af39828cfaeceb886.png&amp;brizy_crop=iW%3D53%26iH%3D20%26oX%3D0%26oY%3D0%26cW%3D53%26cH%3D20 1x, https:\/\/wazadev.pl\/?brizy_media=34ac630a2d23706af39828cfaeceb886.png&amp;brizy_crop=iW%3D106%26iH%3D40%26oX%3D0%26oY%3D0%26cW%3D106%26cH%3D40 2x\" media=\"(min-width: 992px)\"><source srcset=\"https:\/\/wazadev.pl\/?brizy_media=34ac630a2d23706af39828cfaeceb886.png&amp;brizy_crop=iW%3D69%26iH%3D27%26oX%3D0%26oY%3D0%26cW%3D69%26cH%3D27 1x, https:\/\/wazadev.pl\/?brizy_media=34ac630a2d23706af39828cfaeceb886.png&amp;brizy_crop=iW%3D138%26iH%3D54%26oX%3D0%26oY%3D0%26cW%3D138%26cH%3D54 2x\" media=\"(min-width: 768px)\"><img decoding=\"async\" class=\"brz-img\" srcset=\"https:\/\/wazadev.pl\/?brizy_media=34ac630a2d23706af39828cfaeceb886.png&amp;brizy_crop=iW%3D58%26iH%3D23%26oX%3D0%26oY%3D0%26cW%3D58%26cH%3D23 1x, https:\/\/wazadev.pl\/?brizy_media=34ac630a2d23706af39828cfaeceb886.png&amp;brizy_crop=iW%3D116%26iH%3D46%26oX%3D0%26oY%3D0%26cW%3D116%26cH%3D46 2x\" src=\"https:\/\/wazadev.pl\/?brizy_media=34ac630a2d23706af39828cfaeceb886.png&amp;brizy_crop=iW%3D53%26iH%3D20%26oX%3D0%26oY%3D0%26cW%3D53%26cH%3D20\" alt=\"{{placeholder content='e3sgYnJpenlfZGNfaW1hZ2VfYWx0IH19' imageSrc='34ac630a2d23706af39828cfaeceb886.png'}}\" draggable=\"false\" loading=\"lazy\"><\/picture><\/div>\n<\/div>\n<div id=\"\" class=\"brz-css-dHCm1 brz-css-uYzRH brz-css-uMkj3 brz-wrapper\">\n<div class=\"brz-spacer brz-css-lt0m9 brz-css-ow3D9\"><\/div>\n<\/div>\n<div class=\"brz-row__container brz-css-s2U0m\" data-brz-custom-id=\"cfgqJyj37vJJ\">\n<div class=\"brz-bg\"><\/div>\n<div class=\"brz-row brz-css-iqsIv brz-css-k4_Xo\">\n<div class=\"brz-columns brz-css-zCbB4 brz-css-j9JGs\" data-brz-custom-id=\"tGdF5bhjXzBd\">\n<div class=\"brz-bg\">\n<div class=\"brz-bg-color\"><\/div>\n<\/div>\n<div class=\"brz-column__items brz-css-j4j0_ brz-css-oVh9K\">\n<div class=\"brz-row__container brz-css-s2U0m\" data-brz-custom-id=\"ebYLGCRkaL1E\">\n<div class=\"brz-bg\"><\/div>\n<div class=\"brz-row brz-row--inner brz-css-iqsIv brz-css-k4_Xo\">\n<div class=\"brz-columns brz-css-zCbB4 brz-css-bKRW_\" data-brz-custom-id=\"kz0OH__5QRuS\">\n<div class=\"brz-bg\"><\/div>\n<div class=\"brz-column__items brz-css-j4j0_ brz-css-qADn2\">\n<div id=\"\" class=\"brz-css-dHCm1 brz-wrapper\">\n<div class=\"brz-rich-text brz-rich-text__custom brz-css-d9eaz\" data-brz-custom-id=\"iofRyVxs_gq8\">\n<div data-brz-translate-text=\"1\">\n<p class=\"brz-tp-lg-paragraph brz-text-lg-left brz-css-fPS1u\" data-generated-css=\"brz-css-k_cJW\" data-uniq-id=\"w7hA0\"><span style=\"color: rgb(131, 131, 131);\">Wykorzystuj\u0105c post\u0119p techniczny, posiadan\u0105 wiedz\u0119 prowadzimy w pe\u0142ni monitorowany proces produkcji. Wsp\u00f3\u0142pracujemy z instytucjami naukowymi oraz bierzemy udzia\u0142 w projektach Unii Europejskiej, aby udoskonala\u0107 produkt powstaj\u0105cy w ci\u0105gle udoskonalanym procesie produkcji.<\/span><\/p>\n<\/div>\n<\/div>\n<\/div>\n<\/div>\n<\/div>\n<\/div>\n<\/div>\n<div class=\"brz-row__container brz-css-s2U0m\" data-brz-custom-id=\"pqbiC8_ovbYo\">\n<div class=\"brz-bg\"><\/div>\n<div class=\"brz-row brz-row--inner brz-css-iqsIv brz-css-k4_Xo\">\n<div class=\"brz-columns brz-css-zCbB4 brz-css-b7iwS\" data-brz-custom-id=\"x5oK4ZiozlcP\">\n<div class=\"brz-bg\">\n<div class=\"brz-bg-image\"><\/div>\n<\/div>\n<div class=\"brz-column__items brz-css-j4j0_ brz-css-kUjV1\">\n<div id=\"\" class=\"brz-css-dHCm1 brz-css-uYzRH brz-wrapper\">\n<div class=\"brz-spacer brz-css-lt0m9 brz-css-jbJlW\"><\/div>\n<\/div>\n<\/div>\n<\/div>\n<\/div>\n<\/div>\n<\/div>\n<\/div>\n<div class=\"brz-columns brz-css-zCbB4 brz-css-g1p5P\" data-brz-custom-id=\"rG992APG3j9h\">\n<div class=\"brz-bg\">\n<div class=\"brz-bg-color\"><\/div>\n<\/div>\n<div class=\"brz-column__items brz-css-j4j0_ brz-css-lf9yl\">\n<div class=\"brz-row__container brz-css-s2U0m\" data-brz-custom-id=\"rpafGlTixLc0\">\n<div class=\"brz-bg\"><\/div>\n<div class=\"brz-row brz-row--inner brz-css-iqsIv brz-css-k4_Xo\">\n<div class=\"brz-columns brz-css-zCbB4 brz-css-aldwg\" data-brz-custom-id=\"c2kKonKaoHKX\">\n<div class=\"brz-bg\"><\/div>\n<div class=\"brz-column__items brz-css-j4j0_ brz-css-s5e9a\">\n<div id=\"\" class=\"brz-css-dHCm1 brz-wrapper\">\n<div class=\"brz-rich-text brz-rich-text__custom brz-css-d9eaz\" data-brz-custom-id=\"zZghQqApcxcL\">\n<div data-brz-translate-text=\"1\">\n<p class=\"brz-tp-lg-paragraph brz-text-lg-left brz-css-o0nBd\" data-generated-css=\"brz-css-ej49O\" data-uniq-id=\"ajtZ4\"><span style=\"color: rgb(131, 131, 131);\">Laboratorium zak\u0142adowe nadzoruje parametry i jako\u015b\u0107 na wszystkich etapach procesu technologicznego a wynikiem jego prawid\u0142owego funkcjonowania s\u0105 audyty firm zewn\u0119trznych i organizacji do jakich nale\u017cymy oraz badania potwierdzaj\u0105ce przeprowadzane w laboratoriach zewn\u0119trznych.<\/span><\/p>\n<\/div>\n<\/div>\n<\/div>\n<\/div>\n<\/div>\n<\/div>\n<\/div>\n<div class=\"brz-row__container brz-css-s2U0m\" data-brz-custom-id=\"x2eGMUwqasab\">\n<div class=\"brz-bg\"><\/div>\n<div class=\"brz-row brz-row--inner brz-css-iqsIv brz-css-k4_Xo\">\n<div class=\"brz-columns brz-css-zCbB4 brz-css-g5JZx\" data-brz-custom-id=\"oXh6x0urEh0z\">\n<div class=\"brz-bg\">\n<div class=\"brz-bg-image\"><\/div>\n<\/div>\n<div class=\"brz-column__items brz-css-j4j0_ brz-css-xPq06\">\n<div id=\"\" class=\"brz-css-dHCm1 brz-css-uYzRH brz-wrapper\">\n<div class=\"brz-spacer brz-css-lt0m9 brz-css-tr9y1\"><\/div>\n<\/div>\n<\/div>\n<\/div>\n<\/div>\n<\/div>\n<\/div>\n<\/div>\n<\/div>\n<\/div>\n<\/div>\n<\/div>\n<\/section>\n<section id=\"xIXfTV15jJhx\" class=\"brz-section brz-css-bX8h6\">\n<div class=\"brz-section__content brz-section--boxed brz-css-ng4Xv brz-css-cXSq_\" data-brz-custom-id=\"kO80j1qfzfjb\">\n<div class=\"brz-container brz-css-oMYUh\">\n<div class=\"brz-row__container brz-css-s2U0m\" data-brz-custom-id=\"x38Oq8hBBbPs\">\n<div class=\"brz-bg\"><\/div>\n<div class=\"brz-row brz-css-iqsIv brz-css-k4_Xo\">\n<div class=\"brz-columns brz-css-zCbB4\" data-brz-custom-id=\"olzMQUKW0Xg8\">\n<div class=\"brz-bg\"><\/div>\n<div class=\"brz-column__items brz-css-j4j0_ brz-css-ciVnu\">\n<div id=\"\" class=\"brz-css-dHCm1 brz-css-wJb2F brz-wrapper\">\n<div class=\"brz-rich-text brz-rich-text__custom brz-css-d9eaz\" data-brz-custom-id=\"u95aBbWYhLGF\">\n<div data-brz-translate-text=\"1\">\n<p class=\"brz-text-lg-left brz-tp-lg-heading3 brz-css-mMq4I\" data-uniq-id=\"nQVso\" data-generated-css=\"brz-css-blwm7\"><span style=\"color: rgba(var(--brz-global-color1),1);\" class=\"brz-cp-color1\">W co wierzymy?<\/span><\/p>\n<\/div>\n<\/div>\n<\/div>\n<div id=\"\" class=\"brz-css-dHCm1 brz-css-uYzRH brz-wrapper\">\n<div class=\"brz-spacer brz-css-lt0m9 brz-css-wsO2X\"><\/div>\n<\/div>\n<div id=\"\" class=\"brz-css-dHCm1 brz-wrapper\">\n<div class=\"brz-image brz-css-ylAyo brz-css-cu4Tm\" data-brz-custom-id=\"cez8NmllFoh1\"><picture class=\"brz-picture brz-d-block brz-p-relative brz-css-lQkBc\"><source srcset=\"https:\/\/wazadev.pl\/?brizy_media=wp-4348f428ee81b8b0d2767437a553d6a5.png&amp;brizy_crop=iW%3D547%26iH%3D366%26oX%3D0%26oY%3D27%26cW%3D547%26cH%3D274 1x, https:\/\/wazadev.pl\/?brizy_media=wp-4348f428ee81b8b0d2767437a553d6a5.png&amp;brizy_crop=iW%3D1094%26iH%3D732%26oX%3D0%26oY%3D54%26cW%3D1094%26cH%3D548 2x\" media=\"(min-width: 992px)\"><source srcset=\"https:\/\/wazadev.pl\/?brizy_media=wp-4348f428ee81b8b0d2767437a553d6a5.png&amp;brizy_crop=iW%3D354%26iH%3D237%26oX%3D0%26oY%3D18%26cW%3D354%26cH%3D178 1x, https:\/\/wazadev.pl\/?brizy_media=wp-4348f428ee81b8b0d2767437a553d6a5.png&amp;brizy_crop=iW%3D708%26iH%3D474%26oX%3D0%26oY%3D36%26cW%3D708%26cH%3D356 2x\" media=\"(min-width: 768px)\"><img decoding=\"async\" class=\"brz-img\" srcset=\"https:\/\/wazadev.pl\/?brizy_media=wp-4348f428ee81b8b0d2767437a553d6a5.png&amp;brizy_crop=iW%3D430%26iH%3D288%26oX%3D0%26oY%3D22%26cW%3D430%26cH%3D216 1x, https:\/\/wazadev.pl\/?brizy_media=wp-4348f428ee81b8b0d2767437a553d6a5.png&amp;brizy_crop=iW%3D860%26iH%3D576%26oX%3D0%26oY%3D44%26cW%3D860%26cH%3D432 2x\" src=\"https:\/\/wazadev.pl\/?brizy_media=wp-4348f428ee81b8b0d2767437a553d6a5.png&amp;brizy_crop=iW%3D547%26iH%3D366%26oX%3D0%26oY%3D27%26cW%3D547%26cH%3D274\" alt=\"{{placeholder content='e3sgYnJpenlfZGNfaW1hZ2VfYWx0IH19' imageSrc='wp-4348f428ee81b8b0d2767437a553d6a5.png'}}\" draggable=\"false\" loading=\"lazy\"><\/picture><\/div>\n<\/div>\n<\/div>\n<\/div>\n<div class=\"brz-columns brz-css-zCbB4 brz-css-oje6o\" data-brz-custom-id=\"dmHBx9Fa2114\">\n<div class=\"brz-bg\">\n<div class=\"brz-bg-color\"><\/div>\n<\/div>\n<div class=\"brz-column__items brz-css-j4j0_ brz-css-bfJIT\">\n<div id=\"\" class=\"brz-css-dHCm1 brz-wrapper\">\n<div class=\"brz-rich-text brz-rich-text__custom brz-css-d9eaz\" data-brz-custom-id=\"eq1OeIQs7ET2\">\n<div data-brz-translate-text=\"1\">\n<p class=\"brz-tp-lg-paragraph brz-css-fzBQP\" data-uniq-id=\"tuhPM\" data-generated-css=\"brz-css-k0bid\"><span class=\"brz-cp-color1\" style=\"background-color: rgba(255, 215, 0, 0); color: rgba(var(--brz-global-color1),1);\">Wierzymy, \u017ce zaanga\u017cowanie, ci\u0105g\u0142e doskonalenie system\u00f3w poprzez monitorowanie aspekt\u00f3w \u015brodowiskowych, bezpiecze\u0144stwa \u017cywno\u015bci i ludzi oraz zmniejszanie negatywnego oddzia\u0142ywania na otaczaj\u0105ce \u015brodowisko decyduj\u0105 o sukcesie Firmy i jej pracownik\u00f3w.<\/span><\/p>\n<\/div>\n<\/div>\n<\/div>\n<\/div>\n<\/div>\n<\/div>\n<\/div>\n<div id=\"\" class=\"brz-css-dHCm1 brz-css-uYzRH brz-wrapper\">\n<div class=\"brz-spacer brz-css-lt0m9 brz-css-zbIN3\"><\/div>\n<\/div>\n<div class=\"brz-row__container brz-css-s2U0m brz-css-phptv\" data-brz-custom-id=\"lJ9N5NCJnK8r\">\n<div class=\"brz-bg\">\n<div class=\"brz-bg-color\"><\/div>\n<\/div>\n<div class=\"brz-row brz-css-iqsIv brz-css-a5gDv\">\n<div class=\"brz-columns brz-css-zCbB4 brz-css-sl2Lg\" data-brz-custom-id=\"bykFQRKO4a0M\">\n<div class=\"brz-bg\"><\/div>\n<div class=\"brz-column__items brz-css-j4j0_\">\n<div id=\"\" class=\"brz-css-dHCm1 brz-wrapper\">\n<div class=\"brz-rich-text brz-rich-text__custom brz-css-d9eaz\" data-brz-custom-id=\"lUB5LeDFbWGf\">\n<div data-brz-translate-text=\"1\">\n<p class=\"brz-text-xs-center brz-tp-lg-heading4 brz-css-wpKRp\" data-uniq-id=\"buPaZ\" data-generated-css=\"brz-css-ifM54\"><span class=\"brz-cp-color2\">Zapewniamy produkty najwy\u017cszej jako\u015bci<\/span><\/p>\n<\/div>\n<\/div>\n<\/div>\n<\/div>\n<\/div>\n<div class=\"brz-columns brz-css-zCbB4 brz-css-wCJ1C\" data-brz-custom-id=\"z5Qq_3lXTBZV\">\n<div class=\"brz-bg\"><\/div>\n<div class=\"brz-column__items brz-css-j4j0_\">\n<div class=\"brz-wrapper-clone brz-css-t4_Z4\">\n<div class=\"brz-d-xs-flex brz-flex-xs-wrap brz-css-gz0e8 brz-css-gHHeL\" data-brz-custom-id=\"\">\n<div class=\"brz-wrapper-clone__item\" id=\"uCPodsnmH4vH\"><a class=\"brz-a brz-btn brz-css-bMgx8 brz-css-ynzwS\" href=\"\/en\/{{placeholder content='e3ticml6eV9kY19wZXJtYWxpbmsgcG9zdF9pZD0iNzMifX0='}}\/\" target=\"_self\" rel=\"noopener\" data-brz-link-type=\"page\" data-brz-custom-id=\"uCPodsnmH4vH\"><span data-brz-translate-text=\"1\" class=\"brz-span brz-text__editor\" contenteditable=\"false\">Zobacz nasze produkty<\/span><\/a><\/div>\n<\/div>\n<\/div>\n<\/div>\n<\/div>\n<\/div>\n<\/div>\n<\/div>\n<\/div>\n<\/section>\n<p>{{ brizy_dc_global_blocks position=&#8217;bottom&#8217; }}<\/p><\/div>\n<p>    <!-- version:1722542541 --><\/p>","protected":false},"excerpt":{"rendered":"<p>{{ brizy_dc_global_blocks position=&#8217;top&#8217; }} Jako\u015b\u0107 Cele i strategi\u0105 Firmy Vin-Kon S.A. Jako\u015b\u0107 Bezpiecze\u0144stwo zdrowotne Nowoczesno\u015b\u0107 Nasz\u0105 misj\u0105 jest umacnianie pozycji [&hellip;]<\/p>","protected":false},"author":1,"featured_media":0,"parent":0,"menu_order":0,"comment_status":"closed","ping_status":"closed","template":"brizy-blank-template.php","meta":{"site-sidebar-layout":"default","site-content-layout":"","ast-site-content-layout":"","site-content-style":"default","site-sidebar-style":"default","ast-global-header-display":"","ast-banner-title-visibility":"","ast-main-header-display":"","ast-hfb-above-header-display":"","ast-hfb-below-header-display":"","ast-hfb-mobile-header-display":"","site-post-title":"","ast-breadcrumbs-content":"","ast-featured-img":"","footer-sml-layout":"","theme-transparent-header-meta":"","adv-header-id-meta":"","stick-header-meta":"","header-above-stick-meta":"","header-main-stick-meta":"","header-below-stick-meta":"","astra-migrate-meta-layouts":"default","ast-page-background-enabled":"default","ast-page-background-meta":{"desktop":{"background-color":"var(--ast-global-color-4)","background-image":"","background-repeat":"repeat","background-position":"center center","background-size":"auto","background-attachment":"scroll","background-type":"","background-media":"","overlay-type":"","overlay-color":"","overlay-opacity":"","overlay-gradient":""},"tablet":{"background-color":"","background-image":"","background-repeat":"repeat","background-position":"center center","background-size":"auto","background-attachment":"scroll","background-type":"","background-media":"","overlay-type":"","overlay-color":"","overlay-opacity":"","overlay-gradient":""},"mobile":{"background-color":"","background-image":"","background-repeat":"repeat","background-position":"center center","background-size":"auto","background-attachment":"scroll","background-type":"","background-media":"","overlay-type":"","overlay-color":"","overlay-opacity":"","overlay-gradient":""}},"ast-content-background-meta":{"desktop":{"background-color":"var(--ast-global-color-5)","background-image":"","background-repeat":"repeat","background-position":"center center","background-size":"auto","background-attachment":"scroll","background-type":"","background-media":"","overlay-type":"","overlay-color":"","overlay-opacity":"","overlay-gradient":""},"tablet":{"background-color":"var(--ast-global-color-5)","background-image":"","background-repeat":"repeat","background-position":"center center","background-size":"auto","background-attachment":"scroll","background-type":"","background-media":"","overlay-type":"","overlay-color":"","overlay-opacity":"","overlay-gradient":""},"mobile":{"background-color":"var(--ast-global-color-5)","background-image":"","background-repeat":"repeat","background-position":"center center","background-size":"auto","background-attachment":"scroll","background-type":"","background-media":"","overlay-type":"","overlay-color":"","overlay-opacity":"","overlay-gradient":""}},"footnotes":""},"class_list":["post-75","page","type-page","status-publish","hentry"],"_links":{"self":[{"href":"https:\/\/wazadev.pl\/en\/wp-json\/wp\/v2\/pages\/75"}],"collection":[{"href":"https:\/\/wazadev.pl\/en\/wp-json\/wp\/v2\/pages"}],"about":[{"href":"https:\/\/wazadev.pl\/en\/wp-json\/wp\/v2\/types\/page"}],"author":[{"embeddable":true,"href":"https:\/\/wazadev.pl\/en\/wp-json\/wp\/v2\/users\/1"}],"replies":[{"embeddable":true,"href":"https:\/\/wazadev.pl\/en\/wp-json\/wp\/v2\/comments?post=75"}],"version-history":[{"count":6,"href":"https:\/\/wazadev.pl\/en\/wp-json\/wp\/v2\/pages\/75\/revisions"}],"predecessor-version":[{"id":412,"href":"https:\/\/wazadev.pl\/en\/wp-json\/wp\/v2\/pages\/75\/revisions\/412"}],"wp:attachment":[{"href":"https:\/\/wazadev.pl\/en\/wp-json\/wp\/v2\/media?parent=75"}],"curies":[{"name":"wp","href":"https:\/\/api.w.org\/{rel}","templated":true}]}}